{"id":10,"date":"2024-08-29T16:43:14","date_gmt":"2024-08-29T14:43:14","guid":{"rendered":"http:\/\/wordpress.p676504.webspaceconfig.de\/?page_id=10"},"modified":"2024-10-08T12:50:10","modified_gmt":"2024-10-08T10:50:10","slug":"start","status":"publish","type":"page","link":"https:\/\/www.waschbehr.de\/","title":{"rendered":"Start"},"content":{"rendered":"\n<div class=\"wp-block-cover alignwide is-light\" style=\"margin-top:0px;margin-bottom:0px;min-height:60vh;aspect-ratio:unset;\"><span aria-hidden=\"true\" class=\"wp-block-cover__background has-background-dim-0 has-background-dim\" style=\"background-color:#8e958f\"><\/span><img loading=\"lazy\" decoding=\"async\" width=\"2560\" height=\"1648\" class=\"wp-block-cover__image-background wp-image-50\" alt=\"\" src=\"https:\/\/www.waschbehr.de\/wp-content\/uploads\/2024\/10\/IMG_6115_Retusche-scaled.jpg\" data-object-fit=\"cover\" srcset=\"https:\/\/www.waschbehr.de\/wp-content\/uploads\/2024\/10\/IMG_6115_Retusche-scaled.jpg 2560w, https:\/\/www.waschbehr.de\/wp-content\/uploads\/2024\/10\/IMG_6115_Retusche-300x193.jpg 300w, https:\/\/www.waschbehr.de\/wp-content\/uploads\/2024\/10\/IMG_6115_Retusche-1024x659.jpg 1024w, https:\/\/www.waschbehr.de\/wp-content\/uploads\/2024\/10\/IMG_6115_Retusche-768x494.jpg 768w, https:\/\/www.waschbehr.de\/wp-content\/uploads\/2024\/10\/IMG_6115_Retusche-1536x989.jpg 1536w, https:\/\/www.waschbehr.de\/wp-content\/uploads\/2024\/10\/IMG_6115_Retusche-2048x1318.jpg 2048w\" sizes=\"auto, (max-width: 2560px) 100vw, 2560px\" \/><div class=\"wp-block-cover__inner-container has-global-padding is-layout-constrained wp-block-cover-is-layout-constrained\">\n<p class=\"has-text-align-center has-large-font-size\"><\/p>\n<\/div><\/div>\n\n\n\n<h1 class=\"wp-block-heading\">Sauberkeit, die gl\u00fccklich macht<\/h1>\n\n\n\n<p><strong>Willkommen bei Waschbehr <\/strong>\u2013 Ihrem Experten f\u00fcr gl\u00e4nzende Autos und gr\u00fcndliche Fahrzeugpflege! Wir freuen uns, Sie bald auf unserer neuen Website begr\u00fc\u00dfen zu d\u00fcrfen. <br><br>Hier erhalten Sie einen umfassenden \u00dcberblick \u00fcber unsere modernen Waschanlagen, unsere umweltfreundlichen Reinigungsmethoden und unsere vielf\u00e4ltigen Pflegeangebote f\u00fcr Ihr Auto. <br><br>Ob Sie eine schnelle W\u00e4sche oder eine gr\u00fcndliche Rundumpflege w\u00fcnschen \u2013 bei uns ist Ihr Fahrzeug in den besten H\u00e4nden. Schauen Sie bald wieder vorbei und erleben Sie, wie einfach es ist, Ihr Auto strahlend sauber zu halten!\u200b<br><br>Ihr Heiner Behr und das Waschbehr-Team<\/p>\n","protected":false},"excerpt":{"rendered":"<p>Sauberkeit, die gl\u00fccklich macht Willkommen bei Waschbehr \u2013 Ihrem Experten f\u00fcr gl\u00e4nzende Autos und gr\u00fcndliche Fahrzeugpflege! Wir freuen uns, Sie bald auf unserer neuen Website begr\u00fc\u00dfen zu d\u00fcrfen. Hier erhalten Sie einen umfassenden \u00dcberblick \u00fcber unsere modernen Waschanlagen, unsere umweltfreundlichen Reinigungsmethoden und unsere vielf\u00e4ltigen Pflegeangebote f\u00fcr Ihr Auto. Ob Sie eine schnelle W\u00e4sche oder eine [&hellip;]<\/p>\n","protected":false},"author":2,"featured_media":0,"parent":0,"menu_order":0,"comment_status":"closed","ping_status":"closed","template":"","meta":{"greyd_block_editor_preview":[],"footnotes":""},"class_list":["post-10","page","type-page","status-publish","hentry"],"yoast_head":"<!-- This site is optimized with the Yoast SEO plugin v23.6 - https:\/\/yoast.com\/wordpress\/plugins\/seo\/ -->\n<title>Start - Waschbehr Saar-Hochwald GmbH<\/title>\n<meta name=\"robots\" content=\"index, follow, max-snippet:-1, max-image-preview:large, max-video-preview:-1\" \/>\n<link rel=\"canonical\" href=\"https:\/\/www.waschbehr.de\/\" \/>\n<meta property=\"og:locale\" content=\"de_DE\" \/>\n<meta property=\"og:type\" content=\"article\" \/>\n<meta property=\"og:title\" content=\"Start - Waschbehr Saar-Hochwald GmbH\" \/>\n<meta property=\"og:description\" content=\"Sauberkeit, die gl\u00fccklich macht Willkommen bei Waschbehr \u2013 Ihrem Experten f\u00fcr gl\u00e4nzende Autos und gr\u00fcndliche Fahrzeugpflege! Wir freuen uns, Sie bald auf unserer neuen Website begr\u00fc\u00dfen zu d\u00fcrfen. Hier erhalten Sie einen umfassenden \u00dcberblick \u00fcber unsere modernen Waschanlagen, unsere umweltfreundlichen Reinigungsmethoden und unsere vielf\u00e4ltigen Pflegeangebote f\u00fcr Ihr Auto. Ob Sie eine schnelle W\u00e4sche oder eine [&hellip;]\" \/>\n<meta property=\"og:url\" content=\"https:\/\/www.waschbehr.de\/\" \/>\n<meta property=\"og:site_name\" content=\"Waschbehr Saar-Hochwald GmbH\" \/>\n<meta property=\"article:modified_time\" content=\"2024-10-08T10:50:10+00:00\" \/>\n<meta property=\"og:image\" content=\"https:\/\/www.waschbehr.de\/wp-content\/uploads\/2024\/10\/IMG_6115_Retusche-scaled.jpg\" \/>\n\t<meta property=\"og:image:width\" content=\"2560\" \/>\n\t<meta property=\"og:image:height\" content=\"1648\" \/>\n\t<meta property=\"og:image:type\" content=\"image\/jpeg\" \/>\n<meta name=\"twitter:card\" content=\"summary_large_image\" \/>\n<meta name=\"twitter:label1\" content=\"Gesch\u00e4tzte Lesezeit\" \/>\n\t<meta name=\"twitter:data1\" content=\"1\u00a0Minute\" \/>\n<script type=\"application\/ld+json\" class=\"yoast-schema-graph\">{\"@context\":\"https:\/\/schema.org\",\"@graph\":[{\"@type\":\"WebPage\",\"@id\":\"https:\/\/www.waschbehr.de\/\",\"url\":\"https:\/\/www.waschbehr.de\/\",\"name\":\"Start - Waschbehr Saar-Hochwald GmbH\",\"isPartOf\":{\"@id\":\"https:\/\/www.waschbehr.de\/#website\"},\"primaryImageOfPage\":{\"@id\":\"https:\/\/www.waschbehr.de\/#primaryimage\"},\"image\":{\"@id\":\"https:\/\/www.waschbehr.de\/#primaryimage\"},\"thumbnailUrl\":\"https:\/\/www.waschbehr.de\/wp-content\/uploads\/2024\/10\/IMG_6115_Retusche-scaled.jpg\",\"datePublished\":\"2024-08-29T14:43:14+00:00\",\"dateModified\":\"2024-10-08T10:50:10+00:00\",\"breadcrumb\":{\"@id\":\"https:\/\/www.waschbehr.de\/#breadcrumb\"},\"inLanguage\":\"de\",\"potentialAction\":[{\"@type\":\"ReadAction\",\"target\":[\"https:\/\/www.waschbehr.de\/\"]}]},{\"@type\":\"ImageObject\",\"inLanguage\":\"de\",\"@id\":\"https:\/\/www.waschbehr.de\/#primaryimage\",\"url\":\"https:\/\/www.waschbehr.de\/wp-content\/uploads\/2024\/10\/IMG_6115_Retusche-scaled.jpg\",\"contentUrl\":\"https:\/\/www.waschbehr.de\/wp-content\/uploads\/2024\/10\/IMG_6115_Retusche-scaled.jpg\",\"width\":2560,\"height\":1648},{\"@type\":\"BreadcrumbList\",\"@id\":\"https:\/\/www.waschbehr.de\/#breadcrumb\",\"itemListElement\":[{\"@type\":\"ListItem\",\"position\":1,\"name\":\"Startseite\",\"item\":\"https:\/\/www.waschbehr.de\/\"},{\"@type\":\"ListItem\",\"position\":2,\"name\":\"Start\"}]},{\"@type\":\"WebSite\",\"@id\":\"https:\/\/www.waschbehr.de\/#website\",\"url\":\"https:\/\/www.waschbehr.de\/\",\"name\":\"Waschbehr Saar-Hochwald GmbH\",\"description\":\"Sauberkeit, die gl\u00fccklich macht\",\"publisher\":{\"@id\":\"https:\/\/www.waschbehr.de\/#organization\"},\"potentialAction\":[{\"@type\":\"SearchAction\",\"target\":{\"@type\":\"EntryPoint\",\"urlTemplate\":\"https:\/\/www.waschbehr.de\/?s={search_term_string}\"},\"query-input\":{\"@type\":\"PropertyValueSpecification\",\"valueRequired\":true,\"valueName\":\"search_term_string\"}}],\"inLanguage\":\"de\"},{\"@type\":\"Organization\",\"@id\":\"https:\/\/www.waschbehr.de\/#organization\",\"name\":\"Waschbehr Saar-Hochwald GmbH\",\"url\":\"https:\/\/www.waschbehr.de\/\",\"logo\":{\"@type\":\"ImageObject\",\"inLanguage\":\"de\",\"@id\":\"https:\/\/www.waschbehr.de\/#\/schema\/logo\/image\/\",\"url\":\"https:\/\/www.waschbehr.de\/wp-content\/uploads\/2024\/09\/waschbehr_logo_green.png\",\"contentUrl\":\"https:\/\/www.waschbehr.de\/wp-content\/uploads\/2024\/09\/waschbehr_logo_green.png\",\"width\":612,\"height\":246,\"caption\":\"Waschbehr Saar-Hochwald GmbH\"},\"image\":{\"@id\":\"https:\/\/www.waschbehr.de\/#\/schema\/logo\/image\/\"}}]}<\/script>\n<!-- \/ Yoast SEO plugin. -->","yoast_head_json":{"title":"Start - Waschbehr Saar-Hochwald GmbH","robots":{"index":"index","follow":"follow","max-snippet":"max-snippet:-1","max-image-preview":"max-image-preview:large","max-video-preview":"max-video-preview:-1"},"canonical":"https:\/\/www.waschbehr.de\/","og_locale":"de_DE","og_type":"article","og_title":"Start - Waschbehr Saar-Hochwald GmbH","og_description":"Sauberkeit, die gl\u00fccklich macht Willkommen bei Waschbehr \u2013 Ihrem Experten f\u00fcr gl\u00e4nzende Autos und gr\u00fcndliche Fahrzeugpflege! Wir freuen uns, Sie bald auf unserer neuen Website begr\u00fc\u00dfen zu d\u00fcrfen. Hier erhalten Sie einen umfassenden \u00dcberblick \u00fcber unsere modernen Waschanlagen, unsere umweltfreundlichen Reinigungsmethoden und unsere vielf\u00e4ltigen Pflegeangebote f\u00fcr Ihr Auto. Ob Sie eine schnelle W\u00e4sche oder eine [&hellip;]","og_url":"https:\/\/www.waschbehr.de\/","og_site_name":"Waschbehr Saar-Hochwald GmbH","article_modified_time":"2024-10-08T10:50:10+00:00","og_image":[{"width":2560,"height":1648,"url":"https:\/\/www.waschbehr.de\/wp-content\/uploads\/2024\/10\/IMG_6115_Retusche-scaled.jpg","type":"image\/jpeg"}],"twitter_card":"summary_large_image","twitter_misc":{"Gesch\u00e4tzte Lesezeit":"1\u00a0Minute"},"schema":{"@context":"https:\/\/schema.org","@graph":[{"@type":"WebPage","@id":"https:\/\/www.waschbehr.de\/","url":"https:\/\/www.waschbehr.de\/","name":"Start - Waschbehr Saar-Hochwald GmbH","isPartOf":{"@id":"https:\/\/www.waschbehr.de\/#website"},"primaryImageOfPage":{"@id":"https:\/\/www.waschbehr.de\/#primaryimage"},"image":{"@id":"https:\/\/www.waschbehr.de\/#primaryimage"},"thumbnailUrl":"https:\/\/www.waschbehr.de\/wp-content\/uploads\/2024\/10\/IMG_6115_Retusche-scaled.jpg","datePublished":"2024-08-29T14:43:14+00:00","dateModified":"2024-10-08T10:50:10+00:00","breadcrumb":{"@id":"https:\/\/www.waschbehr.de\/#breadcrumb"},"inLanguage":"de","potentialAction":[{"@type":"ReadAction","target":["https:\/\/www.waschbehr.de\/"]}]},{"@type":"ImageObject","inLanguage":"de","@id":"https:\/\/www.waschbehr.de\/#primaryimage","url":"https:\/\/www.waschbehr.de\/wp-content\/uploads\/2024\/10\/IMG_6115_Retusche-scaled.jpg","contentUrl":"https:\/\/www.waschbehr.de\/wp-content\/uploads\/2024\/10\/IMG_6115_Retusche-scaled.jpg","width":2560,"height":1648},{"@type":"BreadcrumbList","@id":"https:\/\/www.waschbehr.de\/#breadcrumb","itemListElement":[{"@type":"ListItem","position":1,"name":"Startseite","item":"https:\/\/www.waschbehr.de\/"},{"@type":"ListItem","position":2,"name":"Start"}]},{"@type":"WebSite","@id":"https:\/\/www.waschbehr.de\/#website","url":"https:\/\/www.waschbehr.de\/","name":"Waschbehr Saar-Hochwald GmbH","description":"Sauberkeit, die gl\u00fccklich macht","publisher":{"@id":"https:\/\/www.waschbehr.de\/#organization"},"potentialAction":[{"@type":"SearchAction","target":{"@type":"EntryPoint","urlTemplate":"https:\/\/www.waschbehr.de\/?s={search_term_string}"},"query-input":{"@type":"PropertyValueSpecification","valueRequired":true,"valueName":"search_term_string"}}],"inLanguage":"de"},{"@type":"Organization","@id":"https:\/\/www.waschbehr.de\/#organization","name":"Waschbehr Saar-Hochwald GmbH","url":"https:\/\/www.waschbehr.de\/","logo":{"@type":"ImageObject","inLanguage":"de","@id":"https:\/\/www.waschbehr.de\/#\/schema\/logo\/image\/","url":"https:\/\/www.waschbehr.de\/wp-content\/uploads\/2024\/09\/waschbehr_logo_green.png","contentUrl":"https:\/\/www.waschbehr.de\/wp-content\/uploads\/2024\/09\/waschbehr_logo_green.png","width":612,"height":246,"caption":"Waschbehr Saar-Hochwald GmbH"},"image":{"@id":"https:\/\/www.waschbehr.de\/#\/schema\/logo\/image\/"}}]}},"_links":{"self":[{"href":"https:\/\/www.waschbehr.de\/index.php\/wp-json\/wp\/v2\/pages\/10","targetHints":{"allow":["GET"]}}],"collection":[{"href":"https:\/\/www.waschbehr.de\/index.php\/wp-json\/wp\/v2\/pages"}],"about":[{"href":"https:\/\/www.waschbehr.de\/index.php\/wp-json\/wp\/v2\/types\/page"}],"author":[{"embeddable":true,"href":"https:\/\/www.waschbehr.de\/index.php\/wp-json\/wp\/v2\/users\/2"}],"replies":[{"embeddable":true,"href":"https:\/\/www.waschbehr.de\/index.php\/wp-json\/wp\/v2\/comments?post=10"}],"version-history":[{"count":13,"href":"https:\/\/www.waschbehr.de\/index.php\/wp-json\/wp\/v2\/pages\/10\/revisions"}],"predecessor-version":[{"id":58,"href":"https:\/\/www.waschbehr.de\/index.php\/wp-json\/wp\/v2\/pages\/10\/revisions\/58"}],"wp:attachment":[{"href":"https:\/\/www.waschbehr.de\/index.php\/wp-json\/wp\/v2\/media?parent=10"}],"curies":[{"name":"wp","href":"https:\/\/api.w.org\/{rel}","templated":true}]}}